{"id":5938,"date":"2025-08-10T09:57:44","date_gmt":"2025-08-10T13:57:44","guid":{"rendered":"https:\/\/amazonecoboat.com\/?page_id=5938"},"modified":"2026-04-04T15:51:15","modified_gmt":"2026-04-04T19:51:15","slug":"testimonials","status":"publish","type":"page","link":"https:\/\/amazonecoboat.com\/fr\/testimonials\/","title":{"rendered":"Amazon EcoBoat Testimonials | Guest Reviews &#038; Stories"},"content":{"rendered":"<p>[et_pb_section fb_built=&#8221;1&#8243; fullwidth=&#8221;on&#8221; _builder_version=&#8221;4.27.4&#8243; _module_preset=&#8221;default&#8221; global_colors_info=&#8221;{}&#8221;][et_pb_fullwidth_slider _builder_version=&#8221;4.27.4&#8243; _module_preset=&#8221;default&#8221; header_text_align=&#8221;left&#8221; header_font_size=&#8221;70px&#8221; header_letter_spacing=&#8221;6px&#8221; height=&#8221;80vh&#8221; height_tablet=&#8221;80vh&#8221; height_phone=&#8221;60vh&#8221; height_last_edited=&#8221;on|phone&#8221; custom_padding=&#8221;40%||||false|false&#8221; header_text_align_tablet=&#8221;left&#8221; header_text_align_phone=&#8221;center&#8221; header_text_align_last_edited=&#8221;on|phone&#8221; header_font_size_tablet=&#8221;70px&#8221; header_font_size_phone=&#8221;25px&#8221; header_font_size_last_edited=&#8221;on|phone&#8221; global_colors_info=&#8221;{}&#8221;][et_pb_slide heading=&#8221;Testimonials&#8221; _builder_version=&#8221;4.27.4&#8243; _module_preset=&#8221;default&#8221; background_enable_color=&#8221;off&#8221; background_image=&#8221;https:\/\/amazonecoboat.com\/wp-content\/uploads\/2021\/12\/testimonials-real-stories-unforgettable-journeys.jpg&#8221; background_enable_image=&#8221;on&#8221; background_last_edited=&#8221;on|phone&#8221; background_position_phone=&#8221;center_right&#8221; global_colors_info=&#8221;{}&#8221; sticky_transition=&#8221;on&#8221;][\/et_pb_slide][\/et_pb_fullwidth_slider][\/et_pb_section][et_pb_section fb_built=&#8221;1&#8243; _builder_version=&#8221;4.27.4&#8243; _module_preset=&#8221;default&#8221; background_color=&#8221;#FFFFFF&#8221; global_colors_info=&#8221;{}&#8221;][et_pb_row column_structure=&#8221;1_3,1_3,1_3&#8243; _builder_version=&#8221;4.27.4&#8243; _module_preset=&#8221;default&#8221; custom_padding=&#8221;3px||0px|||&#8221; global_colors_info=&#8221;{}&#8221;][et_pb_column type=&#8221;1_3&#8243; _builder_version=&#8221;4.27.4&#8243; _module_preset=&#8221;default&#8221; global_colors_info=&#8221;{}&#8221;][et_pb_testimonial author=&#8221;Jeanne&#8221; job_title=&#8221;Canada&#8221; portrait_url=&#8221;https:\/\/amazonecoboat.com\/wp-content\/uploads\/2025\/08\/amazon-cultural-experience-manaus-market.jpg&#8221; quote_icon_color=&#8221;#BAAD85&#8243; quote_icon_background_color=&#8221;#FFFFFF&#8221; _builder_version=&#8221;4.27.4&#8243; _module_preset=&#8221;default&#8221; author_text_color=&#8221;#232A35&#8243; position_text_color=&#8221;#BAAD85&#8243; background_color=&#8221;rgba(143,152,164,0.25)&#8221; text_orientation=&#8221;justified&#8221; global_colors_info=&#8221;{}&#8221;]<\/p>\n<p>D\u00e9paysement total, reposant et introspectif.<br \/>Pas envie de d\u00e9barquer ni de retrouver le confort impersonnel d\u2019un h\u00f4tel \u2026 mais nous rentrons heureux, sereins et \u00e9merveill\u00e9s.<br \/>On a ador\u00e9 notre intimit\u00e9, la discr\u00e9tion et la gentillesse de nos h\u00f4tes; la meilleure formule pour acc\u00e9der \u00e0 un autre monde, celui de la nature profonde et g\u00e9n\u00e9reuse, sans oublier la rencontre avec des vrais gens !<\/p>\n<p>[\/et_pb_testimonial][et_pb_testimonial author=&#8221;Shirley&#8221; job_title=&#8221;Brasil&#8221; portrait_url=&#8221;https:\/\/amazonecoboat.com\/wp-content\/uploads\/2025\/08\/serene-amazon-rainforest-landscapes-river-reflections.jpg&#8221; quote_icon_color=&#8221;#BAAD85&#8243; quote_icon_background_color=&#8221;#FFFFFF&#8221; _builder_version=&#8221;4.27.4&#8243; _module_preset=&#8221;default&#8221; author_text_color=&#8221;#232A35&#8243; position_text_color=&#8221;#BAAD85&#8243; background_color=&#8221;rgba(143,152,164,0.25)&#8221; text_orientation=&#8221;justified&#8221; global_colors_info=&#8221;{}&#8221;]<\/p>\n<p>Melhor aventura, melhor equipe, melhor barco, melhor comida. N\u00e3o nos lembramos da ultima vez que ficamos t\u00e3o bem, com dias t\u00e3o em paz!<\/p>\n<p>[\/et_pb_testimonial][et_pb_testimonial author=&#8221;Thierry&#8221; job_title=&#8221;Belgique&#8221; portrait_url=&#8221;https:\/\/amazonecoboat.com\/wp-content\/uploads\/2025\/08\/amazon-adventure-canoe-exploration.jpg&#8221; quote_icon_color=&#8221;#BAAD85&#8243; quote_icon_background_color=&#8221;#FFFFFF&#8221; _builder_version=&#8221;4.27.4&#8243; _module_preset=&#8221;default&#8221; author_text_color=&#8221;#232A35&#8243; position_text_color=&#8221;#BAAD85&#8243; background_color=&#8221;rgba(143,152,164,0.25)&#8221; text_orientation=&#8221;justified&#8221; global_colors_info=&#8221;{}&#8221;]<\/p>\n<p>Que de belles rencontres! par laquelle commencer ? Nous avons, gr\u00e2ce \u00e0 la gentillesse et la bienveillance qui r\u00e8gnent \u00e0 bord, v\u00e9cu des moments de partage, de pr\u00e9sence \u00e0 nous-m\u00eames \u2013 ces moments sont tellement pr\u00e9cieux pour les habitants des villes agit\u00e9es et les familles tr\u00e9pidantes que nous sommes : nous les garderons en nos coeurs comme des tr\u00e9sors \u2013 rep\u00e8res pour nos meilleurs souvenirs familiaux.<\/p>\n<p>[\/et_pb_testimonial][et_pb_button button_url=&#8221;@ET-DC@eyJkeW5hbWljIjp0cnVlLCJjb250ZW50IjoicG9zdF9saW5rX3VybF9wYWdlIiwic2V0dGluZ3MiOnsicG9zdF9pZCI6IjU5MzMifX0=@&#8221; button_text=&#8221;Book the Cruise Our Guests Loved&#8221; button_alignment=&#8221;center&#8221; _builder_version=&#8221;4.27.4&#8243; _dynamic_attributes=&#8221;button_url&#8221; _module_preset=&#8221;default&#8221; custom_button=&#8221;on&#8221; button_text_size=&#8221;14px&#8221; button_border_width=&#8221;1px&#8221; box_shadow_style=&#8221;preset3&#8243; locked=&#8221;off&#8221; global_colors_info=&#8221;{}&#8221;][\/et_pb_button][\/et_pb_column][et_pb_column type=&#8221;1_3&#8243; _builder_version=&#8221;4.27.4&#8243; _module_preset=&#8221;default&#8221; global_colors_info=&#8221;{}&#8221;][et_pb_testimonial author=&#8221;Peter&#8221; job_title=&#8221;Germany&#8221; portrait_url=&#8221;https:\/\/amazonecoboat.com\/wp-content\/uploads\/2025\/08\/amazonian-childhood-life-afloat.jpg&#8221; quote_icon_color=&#8221;#BAAD85&#8243; quote_icon_background_color=&#8221;#FFFFFF&#8221; _builder_version=&#8221;4.27.4&#8243; _module_preset=&#8221;default&#8221; author_text_color=&#8221;#232A35&#8243; position_text_color=&#8221;#BAAD85&#8243; background_color=&#8221;rgba(143,152,164,0.25)&#8221; text_orientation=&#8221;justified&#8221; global_colors_info=&#8221;{}&#8221;]<\/p>\n<p>Unforgettable days in paradise in Amazonia.<br \/>The staff, our pop-up camp and the guide were just amazing and made every day to a new highlight on this trip.<br \/>We shared memorable moments with the ribeirinhos and the wilderness was so magical and beautiful \u2026<\/p>\n<p>[\/et_pb_testimonial][et_pb_testimonial author=&#8221;Evang\u00e9line&#8221; job_title=&#8221;France&#8221; portrait_url=&#8221;https:\/\/amazonecoboat.com\/wp-content\/uploads\/2025\/08\/life-along-the-amazon-river-by-amazon-ecoboat.png&#8221; quote_icon_color=&#8221;#BAAD85&#8243; quote_icon_background_color=&#8221;#FFFFFF&#8221; _builder_version=&#8221;4.27.4&#8243; _module_preset=&#8221;default&#8221; author_text_color=&#8221;#232A35&#8243; position_text_color=&#8221;#BAAD85&#8243; background_color=&#8221;rgba(143,152,164,0.25)&#8221; text_orientation=&#8221;justified&#8221; global_colors_info=&#8221;{}&#8221;]<\/p>\n<div class=\"text with_image\">\n<p><span class=\"icon-quote-left\"><\/span>Que d\u2019\u00e9motions ressenties par nous 5 ! Savant m\u00e9lange naturel de douceur, de pl\u00e9nitude, de force et de puissance \u2026<br \/>Rares sont les instants de nos vies o\u00f9 l\u2019on peut observer, se ressourcer et partager tant d\u2019aventures avec ses enfants.<br \/>Nous avons eu le privil\u00e8ge de ressentir l\u2019Amazonie comme on en r\u00eavait, un repos de l\u2019esprit que nous n\u2019oublierons jamais.<\/p>\n<\/div>\n<p>[\/et_pb_testimonial][et_pb_testimonial author=&#8221;Ursula&#8221; job_title=&#8221;Switzerland&#8221; portrait_url=&#8221;https:\/\/amazonecoboat.com\/wp-content\/uploads\/2025\/08\/life-along-the-amazon-river-by-amazon-ecoboat.png&#8221; quote_icon_color=&#8221;#BAAD85&#8243; quote_icon_background_color=&#8221;#FFFFFF&#8221; _builder_version=&#8221;4.27.4&#8243; _module_preset=&#8221;default&#8221; author_text_color=&#8221;#232A35&#8243; position_text_color=&#8221;#BAAD85&#8243; background_color=&#8221;rgba(143,152,164,0.25)&#8221; text_orientation=&#8221;justified&#8221; global_colors_info=&#8221;{}&#8221;]<\/p>\n<p>We will remember the jumps of the pink dolphins, the surprise crossing of the crocodile, the dazzling flight of color of the 2 couples of Araras, the deaf and singing noises of the animals hidden in the forest, the howling of the macaques, the swimming in mirror water, our dances, our meetings \u2026 but above all, a total change of scenery, resting and introspective, and the privilege to know you, so attentive and passionate. Many thanks for this fabulous trip to the end of the world!<\/p>\n<p>[\/et_pb_testimonial][et_pb_button button_url=&#8221;@ET-DC@eyJkeW5hbWljIjp0cnVlLCJjb250ZW50IjoicG9zdF9saW5rX3VybF9wYWdlIiwic2V0dGluZ3MiOnsicG9zdF9pZCI6IjQ3MDkifX0=@&#8221; button_text=&#8221;Experience the Amazon Camp Everyone Talks About&#8221; button_alignment=&#8221;center&#8221; _builder_version=&#8221;4.27.4&#8243; _dynamic_attributes=&#8221;button_url&#8221; _module_preset=&#8221;default&#8221; custom_button=&#8221;on&#8221; button_text_size=&#8221;14px&#8221; button_border_width=&#8221;1px&#8221; box_shadow_style=&#8221;preset3&#8243; locked=&#8221;off&#8221; global_colors_info=&#8221;{}&#8221;][\/et_pb_button][\/et_pb_column][et_pb_column type=&#8221;1_3&#8243; _builder_version=&#8221;4.27.4&#8243; _module_preset=&#8221;default&#8221; global_colors_info=&#8221;{}&#8221;][et_pb_testimonial author=&#8221;Kevin&#8221; job_title=&#8221;USA&#8221; portrait_url=&#8221;https:\/\/amazonecoboat.com\/wp-content\/uploads\/2025\/08\/amazon-wildlife-birdwatching-experience.jpg&#8221; quote_icon_color=&#8221;#BAAD85&#8243; quote_icon_background_color=&#8221;#FFFFFF&#8221; _builder_version=&#8221;4.27.4&#8243; _module_preset=&#8221;default&#8221; author_text_color=&#8221;#232A35&#8243; position_text_color=&#8221;#BAAD85&#8243; background_color=&#8221;rgba(143,152,164,0.25)&#8221; text_orientation=&#8221;justified&#8221; global_colors_info=&#8221;{}&#8221;]<\/p>\n<p>Words can hardly express our gratitude&#8230; Our stay was simply magnificent!<br data-start=\"266\" data-end=\"269\" \/><span>We never imagined experiencing the Amazon with such comfort and luxury. The entire team, especially our butler, made it truly unforgettable.<\/span><br data-start=\"411\" data-end=\"414\" \/><span>From the 5-star cuisine to the cozy, beautifully appointed tents and the thrilling daily activities, every detail was perfectly curated.<\/span><br data-start=\"553\" data-end=\"556\" \/><span>We couldn\u2019t have dreamed of a better Glamping adventure.<\/span><\/p>\n<p>[\/et_pb_testimonial][et_pb_testimonial author=&#8221;David&#8221; job_title=&#8221;England&#8221; portrait_url=&#8221;https:\/\/amazonecoboat.com\/wp-content\/uploads\/2025\/08\/amazonian-tradition-riverbank-bathing.jpg&#8221; quote_icon_color=&#8221;#BAAD85&#8243; quote_icon_background_color=&#8221;#FFFFFF&#8221; _builder_version=&#8221;4.27.4&#8243; _module_preset=&#8221;default&#8221; author_text_color=&#8221;#232A35&#8243; position_text_color=&#8221;#BAAD85&#8243; background_color=&#8221;rgba(143,152,164,0.25)&#8221; text_orientation=&#8221;justified&#8221; global_colors_info=&#8221;{}&#8221;]<\/p>\n<p>We loved everything about this trip from the shower alone in the dark, the best live playlist, daily swims, walking and meeting locais, and the exceptional food and service!<\/p>\n<p>[\/et_pb_testimonial][et_pb_testimonial author=&#8221;Philippe&#8221; job_title=&#8221;Suisse&#8221; portrait_url=&#8221;https:\/\/amazonecoboat.com\/wp-content\/uploads\/2025\/08\/luxury-amazon-glamping-cultural-encounters-by-amazon-ecoboat.jpg&#8221; quote_icon_color=&#8221;#BAAD85&#8243; quote_icon_background_color=&#8221;#FFFFFF&#8221; _builder_version=&#8221;4.27.4&#8243; _module_preset=&#8221;default&#8221; author_text_color=&#8221;#232A35&#8243; position_text_color=&#8221;#BAAD85&#8243; background_color=&#8221;rgba(143,152,164,0.25)&#8221; text_orientation=&#8221;justified&#8221; global_colors_info=&#8221;{}&#8221;]<\/p>\n<div class=\"text with_image\">\n<p><span class=\"icon-quote-left\"><\/span>Nous voulons exprimer notre gratitude pour le magnifique voyage que vous nous avez organis\u00e9. D\u00e9couvrir l\u2019Amazonie du haut Rio Negro jusque Manaus, en 2 semaines, dans ces conditions, a \u00e9t\u00e9 une experience de famille et de potes extraordinaire ! Nous vous sommes extr\u00eamement reconnaissants pour le partage et l\u2019organisation parfaite. Encore une fois, vous avez \u00e9t\u00e9 d\u2019une grande gentillesse et g\u00e9n\u00e9rosit\u00e9.<\/p>\n<\/div>\n<p>[\/et_pb_testimonial][et_pb_testimonial portrait_url=&#8221;https:\/\/amazonecoboat.com\/wp-content\/uploads\/2025\/08\/testimonials-truly-exceptional-amazon-ecoboat-journeys.png&#8221; quote_icon_color=&#8221;#BAAD85&#8243; quote_icon_background_color=&#8221;#FFFFFF&#8221; _builder_version=&#8221;4.27.4&#8243; _module_preset=&#8221;default&#8221; author_text_color=&#8221;#232A35&#8243; position_text_color=&#8221;#BAAD85&#8243; background_color=&#8221;rgba(143,152,164,0.25)&#8221; text_orientation=&#8221;justified&#8221; global_colors_info=&#8221;{}&#8221;]<\/p>\n<p><span>Our guests\u2019 reviews reflect the same standards celebrated by <a href=\"https:\/\/www.cntraveler.com\/readers-choice\">Cond\u00e9 Nast Traveler\u2019s Readers\u2019 Choice<\/a> and <a href=\"https:\/\/www.travelandleisure.com\/worlds-best\">Travel+Leisure\u2019s World\u2019s Best<\/a> Awards.<\/span><\/p>\n<p>[\/et_pb_testimonial][et_pb_button button_url=&#8221;@ET-DC@eyJkeW5hbWljIjp0cnVlLCJjb250ZW50IjoicG9zdF9saW5rX3VybF9wYWdlIiwic2V0dGluZ3MiOnsicG9zdF9pZCI6IjQzNzgifX0=@&#8221; button_text=&#8221;Try the Adventures Our Travelers Recommend&#8221; button_alignment=&#8221;center&#8221; _builder_version=&#8221;4.27.4&#8243; _dynamic_attributes=&#8221;button_url&#8221; _module_preset=&#8221;default&#8221; custom_button=&#8221;on&#8221; button_text_size=&#8221;14px&#8221; button_border_width=&#8221;1px&#8221; box_shadow_style=&#8221;preset3&#8243; locked=&#8221;off&#8221; global_colors_info=&#8221;{}&#8221;][\/et_pb_button][\/et_pb_column][\/et_pb_row][\/et_pb_section]<\/p>\n","protected":false},"excerpt":{"rendered":"<p>Read Authentic Amazon EcoBoat Reviews from Travelers enjoying Bespoke Amazon Rainforest Cruises and Eco-Glamping: service &#038; immersion.<\/p>","protected":false},"author":3,"featured_media":4342,"parent":0,"menu_order":0,"comment_status":"closed","ping_status":"closed","template":"","meta":{"_et_pb_use_builder":"on","_et_pb_old_content":"[vc_row rt_row_background_width=\"fullwidth\" rt_row_content_width=\"default\" rt_row_style=\"alt-style-1\" rt_row_height=\"min_height\" rt_holder_placement=\"bottom\" rt_column_placement=\"middle\" rt_row_borders=\"\" rt_row_shadows=\"\" rt_column_gaps=\"\" rt_row_paddings=\"true\" rt_bg_effect=\"classic\" rt_transparent_bg=\"\" rt_bg_image_repeat=\"repeat\" rt_bg_size=\"cover\" rt_bg_position=\"right center\" rt_bg_attachment=\"scroll\" rt_bg_video_format=\"self-hosted\" rt_padding_bottom=\"90\" rt_min_row_height=\"600\" rt_bg_image=\"4342\"][vc_column rt_col_paddings=\"true\" rt_wrp_col_paddings=\"false\" rt_column_shadow=\"\" rt_border_top=\"\" rt_border_bottom=\"\" rt_border_left=\"\" rt_border_right=\"\" rt_border_top_mobile=\"\" rt_border_bottom_mobile=\"\" rt_border_left_mobile=\"\" rt_border_right_mobile=\"\" rt_bg_image_repeat=\"repeat\" rt_bg_size=\"auto auto\" rt_bg_position=\"right top\" rt_bg_attachment=\"scroll\"][rt_heading style=\"no-style\" size=\"h1\" font_color_type=\"\" font=\"\" link=\"\" link_text=\"\" link_open=\"_self\"]Testimonials[\/rt_heading][\/vc_column][\/vc_row][vc_row rt_row_background_width=\"fullwidth\" rt_row_content_width=\"default\" rt_row_style=\"default-style\" rt_row_height=\"\" rt_row_borders=\"\" rt_row_shadows=\"\" rt_column_gaps=\"\" rt_row_paddings=\"true\" rt_bg_effect=\"classic\" rt_transparent_bg=\"\" rt_bg_image_repeat=\"repeat\" rt_bg_size=\"cover\" rt_bg_position=\"right top\" rt_bg_attachment=\"scroll\" rt_bg_video_format=\"self-hosted\" rt_padding_top=\"100\" rt_padding_bottom=\"100\"][vc_column rt_col_paddings=\"false\" rt_wrp_col_paddings=\"false\" rt_column_shadow=\"\" rt_border_top=\"\" rt_border_bottom=\"\" rt_border_left=\"\" rt_border_right=\"\" rt_border_top_mobile=\"\" rt_border_bottom_mobile=\"\" rt_border_left_mobile=\"\" rt_border_right_mobile=\"\" rt_bg_image_repeat=\"repeat\" rt_bg_size=\"auto auto\" rt_bg_position=\"right top\" rt_bg_attachment=\"scroll\" rt_bg_color=\"\" rt_bg_overlay_color=\"\"][testimonial_box list_layout=\"1\/2\" style=\"left\" client_images=\"true\" pagination=\"false\" list_orderby=\"date\" list_order=\"ASC\"][\/vc_column][vc_column rt_col_paddings=\"true\" rt_wrp_col_paddings=\"false\" rt_column_shadow=\"\" rt_border_top=\"\" rt_border_bottom=\"\" rt_border_left=\"\" rt_border_right=\"\" rt_border_top_mobile=\"\" rt_border_bottom_mobile=\"\" rt_border_left_mobile=\"\" rt_border_right_mobile=\"\" rt_bg_image_repeat=\"repeat\" rt_bg_size=\"auto auto\" rt_bg_position=\"right top\" rt_bg_attachment=\"scroll\"][\/vc_column][\/vc_row][vc_row rt_row_background_width=\"fullwidth\" rt_row_content_width=\"default\" rt_row_style=\"default-style\" rt_row_height=\"\" rt_row_borders=\"\" rt_row_shadows=\"\" rt_column_gaps=\"\" rt_row_paddings=\"true\" rt_bg_effect=\"classic\" rt_transparent_bg=\"\" rt_bg_image_repeat=\"repeat\" rt_bg_size=\"cover\" rt_bg_position=\"right top\" rt_bg_attachment=\"scroll\" rt_bg_video_format=\"self-hosted\"][vc_column rt_col_paddings=\"true\" rt_wrp_col_paddings=\"false\" rt_column_shadow=\"\" rt_border_top=\"\" rt_border_bottom=\"\" rt_border_left=\"\" rt_border_right=\"\" rt_border_top_mobile=\"\" rt_border_bottom_mobile=\"\" rt_border_left_mobile=\"\" rt_border_right_mobile=\"\" rt_bg_image_repeat=\"repeat\" rt_bg_size=\"auto auto\" rt_bg_position=\"right top\" rt_bg_attachment=\"scroll\"][\/vc_column][\/vc_row]","_et_gb_content_width":"","footnotes":""},"class_list":["post-5938","page","type-page","status-publish","has-post-thumbnail","hentry"],"yoast_head":"<!-- This site is optimized with the Yoast SEO Premium plugin v27.1 (Yoast SEO v27.1.1) - https:\/\/yoast.com\/product\/yoast-seo-premium-wordpress\/ -->\n<title>Amazon EcoBoat Testimonials | Guest Reviews &amp; Stories<\/title>\n<meta name=\"description\" content=\"Read Authentic Amazon EcoBoat Reviews from Travelers enjoying Bespoke Amazon Rainforest Cruises and Eco-Glamping: service &amp; immersion.\" \/>\n<meta name=\"robots\" content=\"index, follow, max-snippet:-1, max-image-preview:large, max-video-preview:-1, noarchive\" \/>\n<link rel=\"canonical\" href=\"https:\/\/amazonecoboat.com\/fr\/testimonials\/\" \/>\n<meta property=\"og:locale\" content=\"fr_FR\" \/>\n<meta property=\"og:type\" content=\"article\" \/>\n<meta property=\"og:title\" content=\"Amazon EcoBoat Testimonials | Guest Reviews &amp; Stories\" \/>\n<meta property=\"og:description\" content=\"Read Authentic Amazon EcoBoat Reviews from Travelers enjoying Bespoke Amazon Rainforest Cruises and Eco-Glamping: service &amp; immersion.\" \/>\n<meta property=\"og:url\" content=\"https:\/\/amazonecoboat.com\/fr\/testimonials\/\" \/>\n<meta property=\"og:site_name\" content=\"Amazon EcoBoat\" \/>\n<meta property=\"article:modified_time\" content=\"2026-04-04T19:51:15+00:00\" \/>\n<meta property=\"og:image\" content=\"https:\/\/amazonecoboat.com\/wp-content\/uploads\/2021\/12\/testimonials-real-stories-unforgettable-journeys.jpg\" \/>\n\t<meta property=\"og:image:width\" content=\"1600\" \/>\n\t<meta property=\"og:image:height\" content=\"1172\" \/>\n\t<meta property=\"og:image:type\" content=\"image\/jpeg\" \/>\n<meta name=\"twitter:card\" content=\"summary_large_image\" \/>\n<meta name=\"twitter:label1\" content=\"Dur\u00e9e de lecture estim\u00e9e\" \/>\n\t<meta name=\"twitter:data1\" content=\"7 minutes\" \/>\n<script type=\"application\/ld+json\" class=\"yoast-schema-graph\">{\"@context\":\"https:\/\/schema.org\",\"@graph\":[{\"@type\":\"WebPage\",\"@id\":\"https:\/\/amazonecoboat.com\/testimonials\/\",\"url\":\"https:\/\/amazonecoboat.com\/testimonials\/\",\"name\":\"Amazon EcoBoat Testimonials | Guest Reviews & Stories\",\"isPartOf\":{\"@id\":\"https:\/\/amazonecoboat.com\/#website\"},\"primaryImageOfPage\":{\"@id\":\"https:\/\/amazonecoboat.com\/testimonials\/#primaryimage\"},\"image\":{\"@id\":\"https:\/\/amazonecoboat.com\/testimonials\/#primaryimage\"},\"thumbnailUrl\":\"https:\/\/amazonecoboat.com\/wp-content\/uploads\/2021\/12\/testimonials-real-stories-unforgettable-journeys.jpg\",\"datePublished\":\"2025-08-10T13:57:44+00:00\",\"dateModified\":\"2026-04-04T19:51:15+00:00\",\"description\":\"Read Authentic Amazon EcoBoat Reviews from Travelers enjoying Bespoke Amazon Rainforest Cruises and Eco-Glamping: service & immersion.\",\"breadcrumb\":{\"@id\":\"https:\/\/amazonecoboat.com\/testimonials\/#breadcrumb\"},\"inLanguage\":\"fr-FR\",\"potentialAction\":[{\"@type\":\"ReadAction\",\"target\":[\"https:\/\/amazonecoboat.com\/testimonials\/\"]}]},{\"@type\":\"ImageObject\",\"inLanguage\":\"fr-FR\",\"@id\":\"https:\/\/amazonecoboat.com\/testimonials\/#primaryimage\",\"url\":\"https:\/\/amazonecoboat.com\/wp-content\/uploads\/2021\/12\/testimonials-real-stories-unforgettable-journeys.jpg\",\"contentUrl\":\"https:\/\/amazonecoboat.com\/wp-content\/uploads\/2021\/12\/testimonials-real-stories-unforgettable-journeys.jpg\",\"width\":1600,\"height\":1172,\"caption\":\"Hear from travelers who lived the Amazon like never before...\"},{\"@type\":\"BreadcrumbList\",\"@id\":\"https:\/\/amazonecoboat.com\/testimonials\/#breadcrumb\",\"itemListElement\":[{\"@type\":\"ListItem\",\"position\":1,\"name\":\"Home\",\"item\":\"https:\/\/amazonecoboat.com\/\"},{\"@type\":\"ListItem\",\"position\":2,\"name\":\"Amazon EcoBoat Testimonials | Guest Reviews &#038; Stories\"}]},{\"@type\":\"WebSite\",\"@id\":\"https:\/\/amazonecoboat.com\/#website\",\"url\":\"https:\/\/amazonecoboat.com\/\",\"name\":\"Amazon EcoBoat\",\"description\":\"Exclusive Amazon Experiences\",\"alternateName\":\"EcoBoat\",\"potentialAction\":[{\"@type\":\"SearchAction\",\"target\":{\"@type\":\"EntryPoint\",\"urlTemplate\":\"https:\/\/amazonecoboat.com\/?s={search_term_string}\"},\"query-input\":{\"@type\":\"PropertyValueSpecification\",\"valueRequired\":true,\"valueName\":\"search_term_string\"}}],\"inLanguage\":\"fr-FR\"}]}<\/script>\n<!-- \/ Yoast SEO Premium plugin. -->","yoast_head_json":{"title":"Amazon EcoBoat Testimonials | Guest Reviews & Stories","description":"Read Authentic Amazon EcoBoat Reviews from Travelers enjoying Bespoke Amazon Rainforest Cruises and Eco-Glamping: service & immersion.","robots":{"index":"index","follow":"follow","max-snippet":"max-snippet:-1","max-image-preview":"max-image-preview:large","max-video-preview":"max-video-preview:-1","archive":"noarchive"},"canonical":"https:\/\/amazonecoboat.com\/fr\/testimonials\/","og_locale":"fr_FR","og_type":"article","og_title":"Amazon EcoBoat Testimonials | Guest Reviews & Stories","og_description":"Read Authentic Amazon EcoBoat Reviews from Travelers enjoying Bespoke Amazon Rainforest Cruises and Eco-Glamping: service & immersion.","og_url":"https:\/\/amazonecoboat.com\/fr\/testimonials\/","og_site_name":"Amazon EcoBoat","article_modified_time":"2026-04-04T19:51:15+00:00","og_image":[{"width":1600,"height":1172,"url":"https:\/\/amazonecoboat.com\/wp-content\/uploads\/2021\/12\/testimonials-real-stories-unforgettable-journeys.jpg","type":"image\/jpeg"}],"twitter_card":"summary_large_image","twitter_misc":{"Dur\u00e9e de lecture estim\u00e9e":"7 minutes"},"schema":{"@context":"https:\/\/schema.org","@graph":[{"@type":"WebPage","@id":"https:\/\/amazonecoboat.com\/testimonials\/","url":"https:\/\/amazonecoboat.com\/testimonials\/","name":"Amazon EcoBoat Testimonials | Guest Reviews & Stories","isPartOf":{"@id":"https:\/\/amazonecoboat.com\/#website"},"primaryImageOfPage":{"@id":"https:\/\/amazonecoboat.com\/testimonials\/#primaryimage"},"image":{"@id":"https:\/\/amazonecoboat.com\/testimonials\/#primaryimage"},"thumbnailUrl":"https:\/\/amazonecoboat.com\/wp-content\/uploads\/2021\/12\/testimonials-real-stories-unforgettable-journeys.jpg","datePublished":"2025-08-10T13:57:44+00:00","dateModified":"2026-04-04T19:51:15+00:00","description":"Read Authentic Amazon EcoBoat Reviews from Travelers enjoying Bespoke Amazon Rainforest Cruises and Eco-Glamping: service & immersion.","breadcrumb":{"@id":"https:\/\/amazonecoboat.com\/testimonials\/#breadcrumb"},"inLanguage":"fr-FR","potentialAction":[{"@type":"ReadAction","target":["https:\/\/amazonecoboat.com\/testimonials\/"]}]},{"@type":"ImageObject","inLanguage":"fr-FR","@id":"https:\/\/amazonecoboat.com\/testimonials\/#primaryimage","url":"https:\/\/amazonecoboat.com\/wp-content\/uploads\/2021\/12\/testimonials-real-stories-unforgettable-journeys.jpg","contentUrl":"https:\/\/amazonecoboat.com\/wp-content\/uploads\/2021\/12\/testimonials-real-stories-unforgettable-journeys.jpg","width":1600,"height":1172,"caption":"Hear from travelers who lived the Amazon like never before..."},{"@type":"BreadcrumbList","@id":"https:\/\/amazonecoboat.com\/testimonials\/#breadcrumb","itemListElement":[{"@type":"ListItem","position":1,"name":"Home","item":"https:\/\/amazonecoboat.com\/"},{"@type":"ListItem","position":2,"name":"Amazon EcoBoat Testimonials | Guest Reviews &#038; Stories"}]},{"@type":"WebSite","@id":"https:\/\/amazonecoboat.com\/#website","url":"https:\/\/amazonecoboat.com\/","name":"Amazon EcoBoat","description":"Exp\u00e9riences Exclusives en Amazonie","alternateName":"EcoBoat","potentialAction":[{"@type":"SearchAction","target":{"@type":"EntryPoint","urlTemplate":"https:\/\/amazonecoboat.com\/?s={search_term_string}"},"query-input":{"@type":"PropertyValueSpecification","valueRequired":true,"valueName":"search_term_string"}}],"inLanguage":"fr-FR"}]}},"_links":{"self":[{"href":"https:\/\/amazonecoboat.com\/fr\/wp-json\/wp\/v2\/pages\/5938","targetHints":{"allow":["GET"]}}],"collection":[{"href":"https:\/\/amazonecoboat.com\/fr\/wp-json\/wp\/v2\/pages"}],"about":[{"href":"https:\/\/amazonecoboat.com\/fr\/wp-json\/wp\/v2\/types\/page"}],"author":[{"embeddable":true,"href":"https:\/\/amazonecoboat.com\/fr\/wp-json\/wp\/v2\/users\/3"}],"replies":[{"embeddable":true,"href":"https:\/\/amazonecoboat.com\/fr\/wp-json\/wp\/v2\/comments?post=5938"}],"version-history":[{"count":26,"href":"https:\/\/amazonecoboat.com\/fr\/wp-json\/wp\/v2\/pages\/5938\/revisions"}],"predecessor-version":[{"id":7511,"href":"https:\/\/amazonecoboat.com\/fr\/wp-json\/wp\/v2\/pages\/5938\/revisions\/7511"}],"wp:featuredmedia":[{"embeddable":true,"href":"https:\/\/amazonecoboat.com\/fr\/wp-json\/wp\/v2\/media\/4342"}],"wp:attachment":[{"href":"https:\/\/amazonecoboat.com\/fr\/wp-json\/wp\/v2\/media?parent=5938"}],"curies":[{"name":"wp","href":"https:\/\/api.w.org\/{rel}","templated":true}]}}